{"id":94,"date":"2023-08-29T01:05:24","date_gmt":"2023-08-29T06:05:24","guid":{"rendered":"https:\/\/alvarezytapia.com\/?page_id=94"},"modified":"2023-09-05T11:39:07","modified_gmt":"2023-09-05T16:39:07","slug":"servicios","status":"publish","type":"page","link":"https:\/\/alvarezytapia.com\/?page_id=94","title":{"rendered":"Servicios"},"content":{"rendered":"\n<h2 class=\"wp-block-heading\">Servicios<br>Constituci\u00f3n de sociedades an\u00f3nimas.<\/h2>\n\n\n\n<h5 class=\"wp-block-heading\">PROPIEDAD INTELECTUAL<\/h5>\n\n\n\n<p>La protecci\u00f3n de su marca es importante. Nuestra oficina le ofrece el registro de su dentro o fuera del pa\u00eds.<\/p>\n\n\n\n<p>Leer m\u00e1s<\/p>\n\n\n\n<h5 class=\"wp-block-heading\">DERECHO MIGRATORIO<\/h5>\n\n\n\n<p>Especialistas en tr\u00e1mites migratorios y podemos ofrecerle un servicio de calidad.<\/p>\n\n\n\n<p>Leer m\u00e1s<\/p>\n\n\n\n<h5 class=\"wp-block-heading\">DERECHO COMERCIAL<\/h5>\n\n\n\n<p>\u00bfHa tomado la decisi\u00f3n de invertir en nuestro pa\u00eds?&nbsp; Debe considerar lo que se necesita para poder operar en Panam\u00e1.<\/p>\n\n\n\n<p>Leer m\u00e1s<\/p>\n\n\n\n<h5 class=\"wp-block-heading\">LEGISLACI\u00d3N LABORAL<\/h5>\n\n\n\n<p>En Panam\u00e1 al iniciar un negocio se debe tener en cuenta las bases legales para la contrataci\u00f3n de personal.<\/p>\n\n\n\n<p>Leer m\u00e1s<\/p>\n\n\n\n<h5 class=\"wp-block-heading\">DERECHO CIVIL<\/h5>\n\n\n\n<p>Nuestra firma le asiste en la interposici\u00f3n o defensa de demandas civiles de cualquier cuant\u00eda.<\/p>\n\n\n\n<p>Leer m\u00e1s<\/p>\n\n\n\n<h5 class=\"wp-block-heading\">DERECHO ADMINISTRATIVO<\/h5>\n\n\n\n<p>Contamos con amplia experiencia en las gestiones legales ante organismos de la Administraci\u00f3n P\u00fablica.<\/p>\n\n\n\n<p>Leer m\u00e1s<\/p>\n","protected":false},"excerpt":{"rendered":"<p>ServiciosConstituci\u00f3n de sociedades an\u00f3nimas. PROPIEDAD INTELECTUAL La protecci\u00f3n de su marca es importante. Nuestra oficina le ofrece el registro de su dentro o fuera del pa\u00eds. Leer m\u00e1s DERECHO MIGRATORIO Especialistas en tr\u00e1mites migratorios y podemos ofrecerle un servicio de calidad. Leer m\u00e1s DERECHO COMERCIAL \u00bfHa tomado la decisi\u00f3n de invertir en nuestro pa\u00eds?&nbsp; Debe [&hellip;]<\/p>\n","protected":false},"author":1,"featured_media":0,"parent":0,"menu_order":0,"comment_status":"closed","ping_status":"closed","template":"","meta":{"footnotes":""},"class_list":["post-94","page","type-page","status-publish","hentry"],"_links":{"self":[{"href":"https:\/\/alvarezytapia.com\/index.php?rest_route=\/wp\/v2\/pages\/94","targetHints":{"allow":["GET"]}}],"collection":[{"href":"https:\/\/alvarezytapia.com\/index.php?rest_route=\/wp\/v2\/pages"}],"about":[{"href":"https:\/\/alvarezytapia.com\/index.php?rest_route=\/wp\/v2\/types\/page"}],"author":[{"embeddable":true,"href":"https:\/\/alvarezytapia.com\/index.php?rest_route=\/wp\/v2\/users\/1"}],"replies":[{"embeddable":true,"href":"https:\/\/alvarezytapia.com\/index.php?rest_route=%2Fwp%2Fv2%2Fcomments&post=94"}],"version-history":[{"count":6,"href":"https:\/\/alvarezytapia.com\/index.php?rest_route=\/wp\/v2\/pages\/94\/revisions"}],"predecessor-version":[{"id":221,"href":"https:\/\/alvarezytapia.com\/index.php?rest_route=\/wp\/v2\/pages\/94\/revisions\/221"}],"wp:attachment":[{"href":"https:\/\/alvarezytapia.com\/index.php?rest_route=%2Fwp%2Fv2%2Fmedia&parent=94"}],"curies":[{"name":"wp","href":"https:\/\/api.w.org\/{rel}","templated":true}]}}