{"id":34,"date":"2023-08-29T01:05:24","date_gmt":"2023-08-29T06:05:24","guid":{"rendered":"https:\/\/alvarezytapia.com\/?page_id=34"},"modified":"2023-09-05T11:19:47","modified_gmt":"2023-09-05T16:19:47","slug":"derecho-administrativo-2","status":"publish","type":"page","link":"https:\/\/alvarezytapia.com\/?page_id=34","title":{"rendered":"Derecho Administrativo"},"content":{"rendered":"\n<p>Contamos con amplia experiencia en las gestiones legales ante organismos de la Administraci\u00f3n P\u00fablica, es decir, en general Ministerios y atendemos las siguientes gestiones:<\/p>\n\n\n\n<h5 class=\"wp-block-heading has-vivid-cyan-blue-color has-text-color\"><strong>Direcci\u00f3n General de Ingresos \u2013 DGI<\/strong><\/h5>\n\n\n\n<p>Realizamos varias gestiones en la Direcci\u00f3n General de Ingresos, tales como son la obtenci\u00f3n de n\u00famero NIT o clave de acceso para que Usted pueda ver en l\u00ednea el saldo de sus impuestos de persona natural, jur\u00eddica y fincas. Gestionamos Exoneraciones del Impuesto de Inmueble, Congelaci\u00f3n del Impuesto de Inmueble para Jubilados y Pensionados, Igualaci\u00f3n de Valores, acogimiento a Patrimonio Familiar Tributario o Vivienda Principal, liberaciones de Marginales de Advertencia sobre Sociedades An\u00f3nimas por falta de pago de Tasa \u00danica, Exoneraci\u00f3n de Impuestos por Donaciones de Inmuebles entre parientes, entre otros.<\/p>\n\n\n\n<h5 class=\"wp-block-heading has-vivid-cyan-blue-color has-text-color\"><strong>Autoridad Nacional de Administraci\u00f3n de Tierras \u2013 ANATI<\/strong><\/h5>\n\n\n\n<p>Gestionamos la actualizaci\u00f3n de propietarios y valores catastrales en ANATI, asociar fincas al Registro \u00danico de Contribuyentes de personas jur\u00eddicas.<\/p>\n\n\n\n<h5 class=\"wp-block-heading has-vivid-cyan-blue-color has-text-color\"><strong>Registro P\u00fablico<\/strong><\/h5>\n\n\n\n<p>Somos especialistas en la redacci\u00f3n e inscripci\u00f3n de escrituras p\u00fablicas que contengan contratos de compraventa de inmuebles, hipotecas, cancelaci\u00f3n de hipotecas, Actas de Asamblea de Propietarios de edificios sometidos al r\u00e9gimen de Propiedad Horizontal, Actas de Sociedades An\u00f3nimas y Fundaciones de Inter\u00e9s Privado, Poderes Generales y Especiales, investigaci\u00f3n de propiedades y sociedades, correcci\u00f3n de Asientos Registrales, entre otros.<\/p>\n\n\n\n<h5 class=\"wp-block-heading has-vivid-cyan-blue-color has-text-color\"><strong>Ministerio de Gobierno<\/strong><\/h5>\n\n\n\n<p>Tramitamos la constituci\u00f3n de Entidades sin Fines de Lucro y de Patronatos.<\/p>\n","protected":false},"excerpt":{"rendered":"<p>Contamos con amplia experiencia en las gestiones legales ante organismos de la Administraci\u00f3n P\u00fablica, es decir, en general Ministerios y atendemos las siguientes gestiones: Direcci\u00f3n General de Ingresos \u2013 DGI Realizamos varias gestiones en la Direcci\u00f3n General de Ingresos, tales como son la obtenci\u00f3n de n\u00famero NIT o clave de acceso para que Usted pueda [&hellip;]<\/p>\n","protected":false},"author":1,"featured_media":0,"parent":0,"menu_order":0,"comment_status":"closed","ping_status":"closed","template":"","meta":{"footnotes":""},"class_list":["post-34","page","type-page","status-publish","hentry"],"_links":{"self":[{"href":"https:\/\/alvarezytapia.com\/index.php?rest_route=\/wp\/v2\/pages\/34","targetHints":{"allow":["GET"]}}],"collection":[{"href":"https:\/\/alvarezytapia.com\/index.php?rest_route=\/wp\/v2\/pages"}],"about":[{"href":"https:\/\/alvarezytapia.com\/index.php?rest_route=\/wp\/v2\/types\/page"}],"author":[{"embeddable":true,"href":"https:\/\/alvarezytapia.com\/index.php?rest_route=\/wp\/v2\/users\/1"}],"replies":[{"embeddable":true,"href":"https:\/\/alvarezytapia.com\/index.php?rest_route=%2Fwp%2Fv2%2Fcomments&post=34"}],"version-history":[{"count":2,"href":"https:\/\/alvarezytapia.com\/index.php?rest_route=\/wp\/v2\/pages\/34\/revisions"}],"predecessor-version":[{"id":206,"href":"https:\/\/alvarezytapia.com\/index.php?rest_route=\/wp\/v2\/pages\/34\/revisions\/206"}],"wp:attachment":[{"href":"https:\/\/alvarezytapia.com\/index.php?rest_route=%2Fwp%2Fv2%2Fmedia&parent=34"}],"curies":[{"name":"wp","href":"https:\/\/api.w.org\/{rel}","templated":true}]}}