{"id":32,"date":"2023-08-29T01:05:24","date_gmt":"2023-08-29T06:05:24","guid":{"rendered":"https:\/\/alvarezytapia.com\/?page_id=32"},"modified":"2025-09-24T22:24:12","modified_gmt":"2025-09-25T03:24:12","slug":"derecho-civil","status":"publish","type":"page","link":"https:\/\/alvarezytapia.com\/?page_id=32","title":{"rendered":"Derecho Civil"},"content":{"rendered":"\n<h3 class=\"wp-block-heading\"><\/h3>\n\n\n\n<figure class=\"wp-block-pullquote has-text-align-left has-vivid-cyan-blue-color has-text-color\"><blockquote><p><strong>Nuestra firma le representa en la interposici\u00f3n de demandas y acciones legales en la rama del derecho civil o en la defensa de sus intereses si Usted ha sido demandado, por conflictos que se enmarcan en la legislaci\u00f3n civil.<\/strong><\/p><\/blockquote><\/figure>\n\n\n\n<div class=\"wp-block-group is-nowrap is-layout-flex wp-container-core-group-is-layout-ad2f72ca wp-block-group-is-layout-flex\">\n<figure class=\"wp-block-image size-large\"><img decoding=\"async\" src=\"https:\/\/alvarezytapia.com\/wp-content\/uploads\/2025\/09\/IMG_4404-1.jpg\" alt=\"\"\/><\/figure>\n\n\n\n<div class=\"wp-block-group is-vertical is-layout-flex wp-container-core-group-is-layout-8cf370e7 wp-block-group-is-layout-flex\">\n<p>Tenemos experiencia en Procesos Ejecutivos (cobros judiciales), Ordinarios, secuestros, embargos, lanzamientos para la recuperaci\u00f3n de propiedades, juicios de sucesi\u00f3n testada e intestada, tercer\u00edas, excepciones de cualquier clase y en todos los Recursos Legales que nuestra oficina eval\u00fae con el fin de salvaguardar vuestros intereses.<\/p>\n\n\n\n<p>Adicionalmente a procesos que se ventilan en los Tribunales, nuestra oficina cuenta con vasta experiencia en la redacci\u00f3n de todo tipo de contratos tales como son de promesa de compraventa, para la compra y venta de bienes inmuebles, muebles y negocios, contratos de arrendamiento, entre otros.<\/p>\n<\/div>\n<\/div>\n\n\n\n<p><\/p>\n","protected":false},"excerpt":{"rendered":"<p>Nuestra firma le representa en la interposici\u00f3n de demandas y acciones legales en la rama del derecho civil o en la defensa de sus intereses si Usted ha sido demandado, por conflictos que se enmarcan en la legislaci\u00f3n civil. Tenemos experiencia en Procesos Ejecutivos (cobros judiciales), Ordinarios, secuestros, embargos, lanzamientos para la recuperaci\u00f3n de propiedades, [&hellip;]<\/p>\n","protected":false},"author":1,"featured_media":0,"parent":0,"menu_order":0,"comment_status":"closed","ping_status":"closed","template":"","meta":{"footnotes":""},"class_list":["post-32","page","type-page","status-publish","hentry"],"_links":{"self":[{"href":"https:\/\/alvarezytapia.com\/index.php?rest_route=\/wp\/v2\/pages\/32","targetHints":{"allow":["GET"]}}],"collection":[{"href":"https:\/\/alvarezytapia.com\/index.php?rest_route=\/wp\/v2\/pages"}],"about":[{"href":"https:\/\/alvarezytapia.com\/index.php?rest_route=\/wp\/v2\/types\/page"}],"author":[{"embeddable":true,"href":"https:\/\/alvarezytapia.com\/index.php?rest_route=\/wp\/v2\/users\/1"}],"replies":[{"embeddable":true,"href":"https:\/\/alvarezytapia.com\/index.php?rest_route=%2Fwp%2Fv2%2Fcomments&post=32"}],"version-history":[{"count":10,"href":"https:\/\/alvarezytapia.com\/index.php?rest_route=\/wp\/v2\/pages\/32\/revisions"}],"predecessor-version":[{"id":335,"href":"https:\/\/alvarezytapia.com\/index.php?rest_route=\/wp\/v2\/pages\/32\/revisions\/335"}],"wp:attachment":[{"href":"https:\/\/alvarezytapia.com\/index.php?rest_route=%2Fwp%2Fv2%2Fmedia&parent=32"}],"curies":[{"name":"wp","href":"https:\/\/api.w.org\/{rel}","templated":true}]}}