{"id":28,"date":"2023-08-29T01:05:24","date_gmt":"2023-08-29T06:05:24","guid":{"rendered":"https:\/\/alvarezytapia.com\/?page_id=28"},"modified":"2023-09-05T11:26:08","modified_gmt":"2023-09-05T16:26:08","slug":"derecho-comercial","status":"publish","type":"page","link":"https:\/\/alvarezytapia.com\/?page_id=28","title":{"rendered":"Derecho Comercial"},"content":{"rendered":"\n<p>Para iniciar con su negocio en Panam\u00e1 es menester realizar cierta tramitolog\u00eda para garantizar sus intereses mediante la estructura legal debidamente establecida por nuestras autoridades.<\/p>\n\n\n\n<p>Tenemos vasta experiencia en este rubro, le orientamos de manera acertada en:<\/p>\n\n\n\n<h4 class=\"wp-block-heading has-vivid-cyan-blue-color has-text-color\"><strong>Constituci\u00f3n de Sociedades An\u00f3nimas<\/strong><\/h4>\n\n\n\n<p>Mediante la figura jur\u00eddica de la sociedad an\u00f3nima Usted puede iniciar su negocio,&nbsp;<strong>ALVAREZ &amp; TAPIA<\/strong>&nbsp;le asistir\u00e1 en toda la confecci\u00f3n y le preparar\u00e1 un paquete completo con toda la documentaci\u00f3n que requiere la misma.<\/p>\n\n\n\n<h4 class=\"wp-block-heading has-vivid-cyan-blue-color has-text-color\"><strong>Registro \u00danico de Contribuyentes (RUC)<\/strong><\/h4>\n\n\n\n<p>Consiste en la inscripci\u00f3n de la Sociedad An\u00f3nima ante la Direcci\u00f3n General de Ingresos, Ministerio de Econom\u00eda y Finanzas.<\/p>\n\n\n\n<p>Para que su empresa tenga vida jur\u00eddico-tributaria, es necesario que se inscriba en la entidad recaudadora de impuestos en Panam\u00e1, conocida como la Direcci\u00f3n General de Ingresos, a fin de obtener su Registro \u00danico de Contribuyentes (RUC).<\/p>\n\n\n\n<h4 class=\"wp-block-heading has-vivid-cyan-blue-color has-text-color\"><strong>Aviso de operaci\u00f3n<\/strong><\/h4>\n\n\n\n<p>Anteriormente conocido como la \u201cLicencia Comercial o Patente\u201d, es la autorizaci\u00f3n emitida por el Ministerio de Comercio e Industrias, para poder ejercer el comercio en la Rep\u00fablica de Panam\u00e1. Existen cierto tipo de actividades comerciales que requieren la obtenci\u00f3n de permisolog\u00eda adicional, como por ejemplo el corretaje de seguros y bienes ra\u00edces, actividades tur\u00edsticas, de entretenimiento, farmacias, entre otras.<\/p>\n\n\n\n<h4 class=\"wp-block-heading has-vivid-cyan-blue-color has-text-color\"><strong>Permiso Sanitario<\/strong><\/h4>\n\n\n\n<p>Para comercios que se dediquen a la venta de alimentos en envases cerrados o para el consumo del p\u00fablico y otras actividades, se requiere tramitar un Permiso Sanitario ante las autoridades de salud.<\/p>\n\n\n\n<h4 class=\"wp-block-heading has-vivid-cyan-blue-color has-text-color\"><strong>Inscripci\u00f3n Municipal<\/strong><\/h4>\n\n\n\n<p>Una vez que su empresa cuente con un Aviso de Operaci\u00f3n activo, deber\u00e1 realizarse el proceso de Inscripci\u00f3n de Negocio en el Municipio de la circunscripci\u00f3n geogr\u00e1fica donde se encuentre ubicado el mismo.<\/p>\n\n\n\n<h4 class=\"wp-block-heading has-vivid-cyan-blue-color has-text-color\"><strong>Reglas de observancia para Agentes Econ\u00f3micos y Consumidores<\/strong><\/h4>\n\n\n\n<p>En nuestro pa\u00eds, la entidad denominada Autoridad de Protecci\u00f3n al Consumidor y Defensa de la Competencia (ACODECO) rige todo lo concerniente al v\u00ednculo entre las empresas como Agentes Econ\u00f3micos y sus consumidores. Nuestra oficina le asiste en la observancia de estas normas -seg\u00fan su actividad.<\/p>\n\n\n\n<h4 class=\"wp-block-heading has-vivid-cyan-blue-color has-text-color\"><strong>Otro tipo de Entidades Jur\u00eddicas \u2013 Fundaciones de Inter\u00e9s Privado<\/strong><\/h4>\n\n\n\n<p>Las&nbsp;<strong>Fundaciones de Inter\u00e9s Privado&nbsp;<\/strong>constituyen una excelente herramienta para proteger y salvaguardar su patrimonio familiar; esta figura jur\u00eddica no tiene fines comerciales y de forma sencilla, segura y confidencial puede administrar y poseer un patrimonio espec\u00edfico en beneficio de los suyos.<\/p>\n","protected":false},"excerpt":{"rendered":"<p>Para iniciar con su negocio en Panam\u00e1 es menester realizar cierta tramitolog\u00eda para garantizar sus intereses mediante la estructura legal debidamente establecida por nuestras autoridades. Tenemos vasta experiencia en este rubro, le orientamos de manera acertada en: Constituci\u00f3n de Sociedades An\u00f3nimas Mediante la figura jur\u00eddica de la sociedad an\u00f3nima Usted puede iniciar su negocio,&nbsp;ALVAREZ &amp; [&hellip;]<\/p>\n","protected":false},"author":1,"featured_media":0,"parent":0,"menu_order":0,"comment_status":"closed","ping_status":"closed","template":"","meta":{"footnotes":""},"class_list":["post-28","page","type-page","status-publish","hentry"],"_links":{"self":[{"href":"https:\/\/alvarezytapia.com\/index.php?rest_route=\/wp\/v2\/pages\/28","targetHints":{"allow":["GET"]}}],"collection":[{"href":"https:\/\/alvarezytapia.com\/index.php?rest_route=\/wp\/v2\/pages"}],"about":[{"href":"https:\/\/alvarezytapia.com\/index.php?rest_route=\/wp\/v2\/types\/page"}],"author":[{"embeddable":true,"href":"https:\/\/alvarezytapia.com\/index.php?rest_route=\/wp\/v2\/users\/1"}],"replies":[{"embeddable":true,"href":"https:\/\/alvarezytapia.com\/index.php?rest_route=%2Fwp%2Fv2%2Fcomments&post=28"}],"version-history":[{"count":2,"href":"https:\/\/alvarezytapia.com\/index.php?rest_route=\/wp\/v2\/pages\/28\/revisions"}],"predecessor-version":[{"id":211,"href":"https:\/\/alvarezytapia.com\/index.php?rest_route=\/wp\/v2\/pages\/28\/revisions\/211"}],"wp:attachment":[{"href":"https:\/\/alvarezytapia.com\/index.php?rest_route=%2Fwp%2Fv2%2Fmedia&parent=28"}],"curies":[{"name":"wp","href":"https:\/\/api.w.org\/{rel}","templated":true}]}}