{"id":24,"date":"2023-08-29T01:05:24","date_gmt":"2023-08-29T06:05:24","guid":{"rendered":"https:\/\/alvarezytapia.com\/?page_id=24"},"modified":"2025-09-24T22:19:07","modified_gmt":"2025-09-25T03:19:07","slug":"derecho-migratorio","status":"publish","type":"page","link":"https:\/\/alvarezytapia.com\/?page_id=24","title":{"rendered":"Derecho Migratorio"},"content":{"rendered":"\n<p>Nuestra firma&nbsp;<strong>ALVAREZ &amp; TAPIA<\/strong>&nbsp;es especialista en tr\u00e1mites migratorios y podemos ofrecerle un servicio de calidad con el objetivo de buscar la mejor opci\u00f3n migratoria para Usted y su familia, asisti\u00e9ndole durante todo el proceso con responsabilidad y seriedad.<\/p>\n\n\n\n<p>El Servicio Nacional de Migraci\u00f3n mediante el Decreto Ejecutivo 320 del 8 de agosto de 2008 (y sus posteriores modificaciones) cuenta con una gran variedad de Permisos de Residencia ya sean permanente o temporales, de los cuales nuestra firma tiene vasta experiencia.<\/p>\n\n\n\n<p>Entre los diversos tipos de visa de residencia que gestionamos, tenemos aquellas para Extranjeros Jubilados o Pensionados que desean&nbsp;<strong>retirarse en Panam\u00e1<\/strong>. Somos un pueblo alegre, que vive entre dos mares y que le ha dado la bienvenida a miles de inmigrantes durante toda nuestra \u00e9poca Republicana; mantenemos algunas ventajas que pueden resultar atractivas al inmigrante tales como son nuestra econom\u00eda dolarizada, descuentos a jubilados y pensionados, infraestructura moderna y conectividad, servicios m\u00e9dicos privados, entre otros.<\/p>\n\n\n\n<p>Tramitamos:<\/p>\n\n\n\n<div class=\"wp-block-group is-nowrap is-layout-flex wp-container-core-group-is-layout-ad2f72ca wp-block-group-is-layout-flex\">\n<figure class=\"wp-block-image size-full is-resized\"><img loading=\"lazy\" decoding=\"async\" width=\"480\" height=\"640\" src=\"https:\/\/alvarezytapia.com\/wp-content\/uploads\/2025\/09\/IMG_4399.jpg\" alt=\"\" class=\"wp-image-279\" style=\"width:215px;height:auto\"\/><\/figure>\n\n\n\n<ul class=\"wp-block-list\">\n<li>Permisos de residencia permanente y temporales<\/li>\n\n\n\n<li>Permisos de entrada y salida del pa\u00eds<\/li>\n\n\n\n<li>Visas Autorizadas<\/li>\n\n\n\n<li>Pr\u00f3rroga de Visa de Turistas<\/li>\n\n\n\n<li>Salida de menores<\/li>\n\n\n\n<li>Permisos de Trabajo<\/li>\n\n\n\n<li>Naturalizaci\u00f3n<\/li>\n<\/ul>\n<\/div>\n","protected":false},"excerpt":{"rendered":"<p>Nuestra firma&nbsp;ALVAREZ &amp; TAPIA&nbsp;es especialista en tr\u00e1mites migratorios y podemos ofrecerle un servicio de calidad con el objetivo de buscar la mejor opci\u00f3n migratoria para Usted y su familia, asisti\u00e9ndole durante todo el proceso con responsabilidad y seriedad. El Servicio Nacional de Migraci\u00f3n mediante el Decreto Ejecutivo 320 del 8 de agosto de 2008 (y [&hellip;]<\/p>\n","protected":false},"author":1,"featured_media":0,"parent":0,"menu_order":0,"comment_status":"closed","ping_status":"closed","template":"","meta":{"footnotes":""},"class_list":["post-24","page","type-page","status-publish","hentry"],"_links":{"self":[{"href":"https:\/\/alvarezytapia.com\/index.php?rest_route=\/wp\/v2\/pages\/24","targetHints":{"allow":["GET"]}}],"collection":[{"href":"https:\/\/alvarezytapia.com\/index.php?rest_route=\/wp\/v2\/pages"}],"about":[{"href":"https:\/\/alvarezytapia.com\/index.php?rest_route=\/wp\/v2\/types\/page"}],"author":[{"embeddable":true,"href":"https:\/\/alvarezytapia.com\/index.php?rest_route=\/wp\/v2\/users\/1"}],"replies":[{"embeddable":true,"href":"https:\/\/alvarezytapia.com\/index.php?rest_route=%2Fwp%2Fv2%2Fcomments&post=24"}],"version-history":[{"count":6,"href":"https:\/\/alvarezytapia.com\/index.php?rest_route=\/wp\/v2\/pages\/24\/revisions"}],"predecessor-version":[{"id":330,"href":"https:\/\/alvarezytapia.com\/index.php?rest_route=\/wp\/v2\/pages\/24\/revisions\/330"}],"wp:attachment":[{"href":"https:\/\/alvarezytapia.com\/index.php?rest_route=%2Fwp%2Fv2%2Fmedia&parent=24"}],"curies":[{"name":"wp","href":"https:\/\/api.w.org\/{rel}","templated":true}]}}