{"id":18,"date":"2023-08-29T01:05:24","date_gmt":"2023-08-29T06:05:24","guid":{"rendered":"https:\/\/alvarezytapia.com\/?page_id=18"},"modified":"2023-09-05T11:14:31","modified_gmt":"2023-09-05T16:14:31","slug":"derecho-administrativo","status":"publish","type":"page","link":"https:\/\/alvarezytapia.com\/?page_id=18","title":{"rendered":"Bienes Ra\u00edces"},"content":{"rendered":"\n<h2 class=\"wp-block-heading has-vivid-cyan-blue-color has-text-color\">Si usted busca una propiedad para invertir<\/h2>\n\n\n\n<p>Si usted busca una propiedad para invertir en Panam\u00e1, o desea adquirir su vivienda o su local comercial, nuestra oficina le asiste en la b\u00fasqueda del inmueble y le brinda asesor\u00eda sobre todo en el proceso de la compraventa.<\/p>\n\n\n\n<p>Una vez que la propiedad deseada haya sido elegida, nuestra oficina hace una investigaci\u00f3n sobre la misma con el fin de que Usted pueda tomar una decisi\u00f3n acertada en la adquisici\u00f3n del inmueble:<\/p>\n\n\n\n<ul class=\"wp-block-list\">\n<li>Materia tributaria (impuesto de inmueble)<\/li>\n\n\n\n<li>Gastos de mantenimiento (si la misma es Propiedad Horizontal)<\/li>\n\n\n\n<li>Estatus legal (si tiene hipotecas, secuestros, litigios sucesorios y cualquier otra clase de restricci\u00f3n en el Registro P\u00fablico que pudiese impedir el traspaso)<\/li>\n\n\n\n<li>Investigaci\u00f3n de qui\u00e9n la pone en venta para que Usted realice una compra segura y una excelente inversi\u00f3n.<\/li>\n<\/ul>\n\n\n\n<p><\/p>\n\n\n\n<h2 class=\"wp-block-heading has-vivid-cyan-blue-color has-text-color\">Si usted desea vender su propiedad<\/h2>\n\n\n\n<p>Nuestra oficina de bienes ra\u00edces le asiste en el proceso de venta, desde la b\u00fasqueda de un posible comprador hasta el pago de todos los impuestos y compromisos que tiene que cancelar antes de registrar la compraventa, tales como:<\/p>\n\n\n\n<ul class=\"wp-block-list\">\n<li>Formulario de Impuesto de Transferencia de Bien inmueble (2%).<\/li>\n\n\n\n<li>Formulario de pago de Impuesto de Ganancias de Capital (3%).<\/li>\n\n\n\n<li>Gesti\u00f3n de Minuta de Cancelaci\u00f3n de Hipoteca.<\/li>\n\n\n\n<li>Obtenci\u00f3n de paz y salvo de Inmueble.<\/li>\n\n\n\n<li>Paz y salvo de Idaan.<\/li>\n\n\n\n<li>Paz y salvo de Mantenimiento si es Propiedad Horizontal.<\/li>\n<\/ul>\n","protected":false},"excerpt":{"rendered":"<p>Si usted busca una propiedad para invertir Si usted busca una propiedad para invertir en Panam\u00e1, o desea adquirir su vivienda o su local comercial, nuestra oficina le asiste en la b\u00fasqueda del inmueble y le brinda asesor\u00eda sobre todo en el proceso de la compraventa. Una vez que la propiedad deseada haya sido elegida, [&hellip;]<\/p>\n","protected":false},"author":1,"featured_media":0,"parent":0,"menu_order":0,"comment_status":"closed","ping_status":"closed","template":"","meta":{"footnotes":""},"class_list":["post-18","page","type-page","status-publish","hentry"],"_links":{"self":[{"href":"https:\/\/alvarezytapia.com\/index.php?rest_route=\/wp\/v2\/pages\/18","targetHints":{"allow":["GET"]}}],"collection":[{"href":"https:\/\/alvarezytapia.com\/index.php?rest_route=\/wp\/v2\/pages"}],"about":[{"href":"https:\/\/alvarezytapia.com\/index.php?rest_route=\/wp\/v2\/types\/page"}],"author":[{"embeddable":true,"href":"https:\/\/alvarezytapia.com\/index.php?rest_route=\/wp\/v2\/users\/1"}],"replies":[{"embeddable":true,"href":"https:\/\/alvarezytapia.com\/index.php?rest_route=%2Fwp%2Fv2%2Fcomments&post=18"}],"version-history":[{"count":5,"href":"https:\/\/alvarezytapia.com\/index.php?rest_route=\/wp\/v2\/pages\/18\/revisions"}],"predecessor-version":[{"id":204,"href":"https:\/\/alvarezytapia.com\/index.php?rest_route=\/wp\/v2\/pages\/18\/revisions\/204"}],"wp:attachment":[{"href":"https:\/\/alvarezytapia.com\/index.php?rest_route=%2Fwp%2Fv2%2Fmedia&parent=18"}],"curies":[{"name":"wp","href":"https:\/\/api.w.org\/{rel}","templated":true}]}}