{"id":114,"date":"2023-08-29T01:05:24","date_gmt":"2023-08-29T06:05:24","guid":{"rendered":"https:\/\/alvarezytapia.com\/?page_id=114"},"modified":"2024-05-26T22:24:09","modified_gmt":"2024-05-27T03:24:09","slug":"quienes-somos-2","status":"publish","type":"page","link":"https:\/\/alvarezytapia.com\/?page_id=114","title":{"rendered":"Quienes somos"},"content":{"rendered":"\n<div class=\"wp-block-group is-nowrap is-layout-flex wp-container-core-group-is-layout-ad2f72ca wp-block-group-is-layout-flex\">\n<p>Desde 1996,&nbsp;<strong>ALVAREZ &amp; TAPIA<\/strong>&nbsp;asesora a empresas y particulares en el manejo de sus negocios y resoluci\u00f3n de sus conflictos.<\/p>\n<\/div>\n\n\n\n<p>Asumimos la gesti\u00f3n y representaci\u00f3n de los intereses de nuestros clientes ante organismos p\u00fablicos, privados y ante los Tribunales en los distintos \u00f3rdenes jurisdiccionales.<\/p>\n\n\n\n<p>Nuestra experiencia comprende con \u00e9xito temas comerciales, civiles, migratorios, laborales, proceso de registro de marca, as\u00ed como todo tipo de tr\u00e1mites gubernamentales y municipales.<\/p>\n\n\n\n<p>Le asesoramos tambi\u00e9n en temas de bienes ra\u00edces.<\/p>\n\n\n\n<p>Con m\u00e1s de 25 a\u00f1os de experiencia<\/p>\n\n\n\n<h2 class=\"wp-block-heading\">\u00c1reas de pr\u00e1ctica<\/h2>\n\n\n\n<div class=\"wp-block-group is-nowrap is-layout-flex wp-container-core-group-is-layout-ad2f72ca wp-block-group-is-layout-flex\">\n<figure class=\"wp-block-image size-full is-resized\"><img loading=\"lazy\" decoding=\"async\" width=\"480\" height=\"640\" src=\"https:\/\/alvarezytapia.com\/wp-content\/uploads\/2024\/05\/IMG_4390-1.jpg\" alt=\"\" class=\"wp-image-297\" style=\"width:210px;height:auto\" srcset=\"https:\/\/alvarezytapia.com\/wp-content\/uploads\/2024\/05\/IMG_4390-1.jpg 480w, https:\/\/alvarezytapia.com\/wp-content\/uploads\/2024\/05\/IMG_4390-1-225x300.jpg 225w\" sizes=\"auto, (max-width: 480px) 100vw, 480px\" \/><\/figure>\n\n\n\n<ul class=\"wp-block-list\">\n<li>Propiedad Intelectual<\/li>\n\n\n\n<li>Derecho Migratorio<\/li>\n\n\n\n<li>Derecho Comercial<\/li>\n\n\n\n<li>Legislaci\u00f3n Laboral<\/li>\n\n\n\n<li>Derecho Civil<\/li>\n\n\n\n<li>Derecho Administrativo<\/li>\n\n\n\n<li>Bienes Ra\u00edces<\/li>\n<\/ul>\n<\/div>\n\n\n\n<p class=\"has-text-align-left has-large-font-size\"><\/p>\n","protected":false},"excerpt":{"rendered":"<p>Desde 1996,&nbsp;ALVAREZ &amp; TAPIA&nbsp;asesora a empresas y particulares en el manejo de sus negocios y resoluci\u00f3n de sus conflictos. Asumimos la gesti\u00f3n y representaci\u00f3n de los intereses de nuestros clientes ante organismos p\u00fablicos, privados y ante los Tribunales en los distintos \u00f3rdenes jurisdiccionales. Nuestra experiencia comprende con \u00e9xito temas comerciales, civiles, migratorios, laborales, proceso de [&hellip;]<\/p>\n","protected":false},"author":1,"featured_media":0,"parent":0,"menu_order":0,"comment_status":"closed","ping_status":"closed","template":"","meta":{"footnotes":""},"class_list":["post-114","page","type-page","status-publish","hentry"],"_links":{"self":[{"href":"https:\/\/alvarezytapia.com\/index.php?rest_route=\/wp\/v2\/pages\/114","targetHints":{"allow":["GET"]}}],"collection":[{"href":"https:\/\/alvarezytapia.com\/index.php?rest_route=\/wp\/v2\/pages"}],"about":[{"href":"https:\/\/alvarezytapia.com\/index.php?rest_route=\/wp\/v2\/types\/page"}],"author":[{"embeddable":true,"href":"https:\/\/alvarezytapia.com\/index.php?rest_route=\/wp\/v2\/users\/1"}],"replies":[{"embeddable":true,"href":"https:\/\/alvarezytapia.com\/index.php?rest_route=%2Fwp%2Fv2%2Fcomments&post=114"}],"version-history":[{"count":6,"href":"https:\/\/alvarezytapia.com\/index.php?rest_route=\/wp\/v2\/pages\/114\/revisions"}],"predecessor-version":[{"id":299,"href":"https:\/\/alvarezytapia.com\/index.php?rest_route=\/wp\/v2\/pages\/114\/revisions\/299"}],"wp:attachment":[{"href":"https:\/\/alvarezytapia.com\/index.php?rest_route=%2Fwp%2Fv2%2Fmedia&parent=114"}],"curies":[{"name":"wp","href":"https:\/\/api.w.org\/{rel}","templated":true}]}}